{"id":49,"date":"2023-11-22T15:51:04","date_gmt":"2023-11-22T14:51:04","guid":{"rendered":"https:\/\/drivemorocco-tours.com\/?page_id=49"},"modified":"2024-01-31T19:00:26","modified_gmt":"2024-01-31T18:00:26","slug":"taxistadte","status":"publish","type":"page","link":"https:\/\/drivemorocco-tours.com\/de\/taxistadte\/","title":{"rendered":"St\u00e4dte"},"content":{"rendered":"<div data-elementor-type=\"wp-page\" data-elementor-id=\"49\" class=\"elementor elementor-49\" data-elementor-post-type=\"page\">\n\t\t\t\t<div class=\"elementor-element elementor-element-1c1452df e-flex e-con-boxed e-con e-parent\" data-id=\"1c1452df\" data-element_type=\"container\" data-e-type=\"container\" data-settings=\"{&quot;background_background&quot;:&quot;classic&quot;}\">\n\t\t\t\t\t<div class=\"e-con-inner\">\n\t\t\t\t\t<\/div>\n\t\t\t\t<\/div>\n\t\t<div class=\"elementor-element elementor-element-b359e38 e-flex e-con-boxed e-con e-parent\" data-id=\"b359e38\" data-element_type=\"container\" data-e-type=\"container\">\n\t\t\t\t\t<div class=\"e-con-inner\">\n\t\t<div class=\"elementor-element elementor-element-7de6344 e-con-full e-flex e-con e-child\" data-id=\"7de6344\" data-element_type=\"container\" data-e-type=\"container\">\n\t\t\t\t<div class=\"elementor-element elementor-element-d3125bd elementor-widget elementor-widget-image\" data-id=\"d3125bd\" data-element_type=\"widget\" data-e-type=\"widget\" data-widget_type=\"image.default\">\n\t\t\t\t\t\t\t\t\t\t\t\t\t\t\t\t<a href=\"https:\/\/drivemorocco-tours.com\/de\/taxi-marrakech\/\">\n\t\t\t\t\t\t\t<img fetchpriority=\"high\" decoding=\"async\" width=\"1280\" height=\"853\" src=\"https:\/\/drivemorocco-tours.com\/wp-content\/uploads\/2024\/01\/koutoubia-mosque-marrakech.webp\" class=\"attachment-2048x2048 size-2048x2048 wp-image-11017\" alt=\"taxi marrakech\" srcset=\"https:\/\/drivemorocco-tours.com\/wp-content\/uploads\/2024\/01\/koutoubia-mosque-marrakech.webp 1280w, https:\/\/drivemorocco-tours.com\/wp-content\/uploads\/2024\/01\/koutoubia-mosque-marrakech-300x200.webp 300w, https:\/\/drivemorocco-tours.com\/wp-content\/uploads\/2024\/01\/koutoubia-mosque-marrakech-1024x682.webp 1024w, https:\/\/drivemorocco-tours.com\/wp-content\/uploads\/2024\/01\/koutoubia-mosque-marrakech-768x512.webp 768w, https:\/\/drivemorocco-tours.com\/wp-content\/uploads\/2024\/01\/koutoubia-mosque-marrakech-460x306.webp 460w, https:\/\/drivemorocco-tours.com\/wp-content\/uploads\/2024\/01\/koutoubia-mosque-marrakech-800x533.webp 800w\" sizes=\"(max-width: 1280px) 100vw, 1280px\" \/>\t\t\t\t\t\t\t\t<\/a>\n\t\t\t\t\t\t\t\t\t\t\t\t\t\t\t<\/div>\n\t\t<div class=\"elementor-element elementor-element-0522cec e-con-full e-flex e-con e-child\" data-id=\"0522cec\" data-element_type=\"container\" data-e-type=\"container\">\n\t\t\t\t<div class=\"elementor-element elementor-element-f63bda9 __title-box elementor-widget elementor-widget-heading\" data-id=\"f63bda9\" data-element_type=\"widget\" data-e-type=\"widget\" data-widget_type=\"heading.default\">\n\t\t\t\t\t<h5 class=\"elementor-heading-title elementor-size-default\">Taxi Marrakech<\/h5>\t\t\t\t<\/div>\n\t\t\t\t<div class=\"elementor-element elementor-element-39b0d12 elementor-widget elementor-widget-text-editor\" data-id=\"39b0d12\" data-element_type=\"widget\" data-e-type=\"widget\" data-widget_type=\"text-editor.default\">\n\t\t\t\t\t\t\t\t\t<p>Marrakesch, eine pulsierende Stadt voller Kultur und Geschichte, lockt Reisende aus aller Welt an.<\/p>\t\t\t\t\t\t\t\t<\/div>\n\t\t\t\t<div class=\"elementor-element elementor-element-a8eb1f1 premium-lq__none elementor-widget elementor-widget-premium-addon-button\" data-id=\"a8eb1f1\" data-element_type=\"widget\" data-e-type=\"widget\" data-widget_type=\"premium-addon-button.default\">\n\t\t\t\t\t\n\n\t\t<a class=\"premium-button premium-button-style6 premium-btn-sm premium-button-style6\" href=\"https:\/\/drivemorocco-tours.com\/de\/taxi-marrakech\/\">\n\t\t\t<div class=\"premium-button-text-icon-wrapper\">\n\t\t\t\t\n\t\t\t\t\t\t\t\t\t<span >\n\t\t\t\t\t\tJetzt buchen\t\t\t\t\t<\/span>\n\t\t\t\t\t\t\t<\/div>\n\n\t\t\t\n\t\t\t\n\t\t\t\n\t\t<\/a>\n\n\n\t\t\t\t\t\t<\/div>\n\t\t\t\t<\/div>\n\t\t\t\t<\/div>\n\t\t<div class=\"elementor-element elementor-element-2d1b846 e-con-full e-flex e-con e-child\" data-id=\"2d1b846\" data-element_type=\"container\" data-e-type=\"container\">\n\t\t\t\t<div class=\"elementor-element elementor-element-0d811b7 elementor-widget elementor-widget-image\" data-id=\"0d811b7\" data-element_type=\"widget\" data-e-type=\"widget\" data-widget_type=\"image.default\">\n\t\t\t\t\t\t\t\t\t\t\t\t\t\t\t\t<a href=\"https:\/\/drivemorocco-tours.com\/de\/taxi-essaouira\/\">\n\t\t\t\t\t\t\t<img decoding=\"async\" width=\"1500\" height=\"1000\" src=\"https:\/\/drivemorocco-tours.com\/wp-content\/uploads\/2024\/01\/Transfer-Essaouira.webp\" class=\"attachment-2048x2048 size-2048x2048 wp-image-11046\" alt=\"\u00dcbertragung Essaouira\" srcset=\"https:\/\/drivemorocco-tours.com\/wp-content\/uploads\/2024\/01\/Transfer-Essaouira.webp 1500w, https:\/\/drivemorocco-tours.com\/wp-content\/uploads\/2024\/01\/Transfer-Essaouira-300x200.webp 300w, https:\/\/drivemorocco-tours.com\/wp-content\/uploads\/2024\/01\/Transfer-Essaouira-1024x683.webp 1024w, https:\/\/drivemorocco-tours.com\/wp-content\/uploads\/2024\/01\/Transfer-Essaouira-768x512.webp 768w\" sizes=\"(max-width: 1500px) 100vw, 1500px\" \/>\t\t\t\t\t\t\t\t<\/a>\n\t\t\t\t\t\t\t\t\t\t\t\t\t\t\t<\/div>\n\t\t<div class=\"elementor-element elementor-element-32ae802 e-con-full e-flex e-con e-child\" data-id=\"32ae802\" data-element_type=\"container\" data-e-type=\"container\">\n\t\t\t\t<div class=\"elementor-element elementor-element-1c6e0a4 __title-box elementor-widget elementor-widget-heading\" data-id=\"1c6e0a4\" data-element_type=\"widget\" data-e-type=\"widget\" data-widget_type=\"heading.default\">\n\t\t\t\t\t<h5 class=\"elementor-heading-title elementor-size-default\">Taxi Essaouira<\/h5>\t\t\t\t<\/div>\n\t\t\t\t<div class=\"elementor-element elementor-element-44069cd elementor-widget elementor-widget-text-editor\" data-id=\"44069cd\" data-element_type=\"widget\" data-e-type=\"widget\" data-widget_type=\"text-editor.default\">\n\t\t\t\t\t\t\t\t\t<p>Essaouira ist eine K\u00fcstenstadt in Marokko, die f\u00fcr ihren historischen Charme, ihre Sandstr\u00e4nde und ihre b\u00f6hmische Atmosph\u00e4re bekannt ist.<\/p>\t\t\t\t\t\t\t\t<\/div>\n\t\t\t\t<div class=\"elementor-element elementor-element-abc0cbe premium-lq__none elementor-widget elementor-widget-premium-addon-button\" data-id=\"abc0cbe\" data-element_type=\"widget\" data-e-type=\"widget\" data-widget_type=\"premium-addon-button.default\">\n\t\t\t\t\t\n\n\t\t<a class=\"premium-button premium-button-style6 premium-btn-sm premium-button-style6\" href=\"https:\/\/drivemorocco-tours.com\/de\/taxi-essaouira\/\">\n\t\t\t<div class=\"premium-button-text-icon-wrapper\">\n\t\t\t\t\n\t\t\t\t\t\t\t\t\t<span >\n\t\t\t\t\t\tJetzt buchen\t\t\t\t\t<\/span>\n\t\t\t\t\t\t\t<\/div>\n\n\t\t\t\n\t\t\t\n\t\t\t\n\t\t<\/a>\n\n\n\t\t\t\t\t\t<\/div>\n\t\t\t\t<\/div>\n\t\t\t\t<\/div>\n\t\t<div class=\"elementor-element elementor-element-5600b50 e-con-full e-flex e-con e-child\" data-id=\"5600b50\" data-element_type=\"container\" data-e-type=\"container\">\n\t\t\t\t<div class=\"elementor-element elementor-element-4749a21 elementor-widget elementor-widget-image\" data-id=\"4749a21\" data-element_type=\"widget\" data-e-type=\"widget\" data-widget_type=\"image.default\">\n\t\t\t\t\t\t\t\t\t\t\t\t\t\t\t\t<a href=\"https:\/\/drivemorocco-tours.com\/de\/taxi-casablanca\/\">\n\t\t\t\t\t\t\t<img decoding=\"async\" width=\"1366\" height=\"768\" src=\"https:\/\/drivemorocco-tours.com\/wp-content\/uploads\/2024\/01\/transfer-casablanca.webp\" class=\"attachment-2048x2048 size-2048x2048 wp-image-11333\" alt=\"taxi casablanca\" srcset=\"https:\/\/drivemorocco-tours.com\/wp-content\/uploads\/2024\/01\/transfer-casablanca.webp 1366w, https:\/\/drivemorocco-tours.com\/wp-content\/uploads\/2024\/01\/transfer-casablanca-300x169.webp 300w, https:\/\/drivemorocco-tours.com\/wp-content\/uploads\/2024\/01\/transfer-casablanca-1024x576.webp 1024w, https:\/\/drivemorocco-tours.com\/wp-content\/uploads\/2024\/01\/transfer-casablanca-768x432.webp 768w\" sizes=\"(max-width: 1366px) 100vw, 1366px\" \/>\t\t\t\t\t\t\t\t<\/a>\n\t\t\t\t\t\t\t\t\t\t\t\t\t\t\t<\/div>\n\t\t<div class=\"elementor-element elementor-element-610adce e-con-full e-flex e-con e-child\" data-id=\"610adce\" data-element_type=\"container\" data-e-type=\"container\">\n\t\t\t\t<div class=\"elementor-element elementor-element-2a7ea41 __title-box elementor-widget elementor-widget-heading\" data-id=\"2a7ea41\" data-element_type=\"widget\" data-e-type=\"widget\" data-widget_type=\"heading.default\">\n\t\t\t\t\t<h5 class=\"elementor-heading-title elementor-size-default\">Taxi Casablanca<\/h5>\t\t\t\t<\/div>\n\t\t\t\t<div class=\"elementor-element elementor-element-ea4fd14 elementor-widget elementor-widget-text-editor\" data-id=\"ea4fd14\" data-element_type=\"widget\" data-e-type=\"widget\" data-widget_type=\"text-editor.default\">\n\t\t\t\t\t\t\t\t\t<p>Mit\u00a0<b>Taxi\u00a0<\/b><strong>Casablanca\u00a0<\/strong>Entdecke den Charme von Casablanca, Marrakesch, Agadir und Essaouira.<\/p>\t\t\t\t\t\t\t\t<\/div>\n\t\t\t\t<div class=\"elementor-element elementor-element-84abf48 premium-lq__none elementor-widget elementor-widget-premium-addon-button\" data-id=\"84abf48\" data-element_type=\"widget\" data-e-type=\"widget\" data-widget_type=\"premium-addon-button.default\">\n\t\t\t\t\t\n\n\t\t<a class=\"premium-button premium-button-style6 premium-btn-sm premium-button-style6\" href=\"https:\/\/drivemorocco-tours.com\/de\/taxi-casablanca\/\">\n\t\t\t<div class=\"premium-button-text-icon-wrapper\">\n\t\t\t\t\n\t\t\t\t\t\t\t\t\t<span >\n\t\t\t\t\t\tJetzt buchen\t\t\t\t\t<\/span>\n\t\t\t\t\t\t\t<\/div>\n\n\t\t\t\n\t\t\t\n\t\t\t\n\t\t<\/a>\n\n\n\t\t\t\t\t\t<\/div>\n\t\t\t\t<\/div>\n\t\t\t\t<\/div>\n\t\t<div class=\"elementor-element elementor-element-4f22762 e-con-full e-flex e-con e-child\" data-id=\"4f22762\" data-element_type=\"container\" data-e-type=\"container\">\n\t\t\t\t<div class=\"elementor-element elementor-element-30597fc elementor-widget elementor-widget-image\" data-id=\"30597fc\" data-element_type=\"widget\" data-e-type=\"widget\" data-widget_type=\"image.default\">\n\t\t\t\t\t\t\t\t\t\t\t\t\t\t\t\t<a href=\"https:\/\/drivemorocco-tours.com\/de\/taxi-agadir\/\">\n\t\t\t\t\t\t\t<img loading=\"lazy\" decoding=\"async\" width=\"1600\" height=\"1000\" src=\"https:\/\/drivemorocco-tours.com\/wp-content\/uploads\/2024\/01\/transfer-agadir-1.webp\" class=\"attachment-2048x2048 size-2048x2048 wp-image-11371\" alt=\"transfer agadir\" srcset=\"https:\/\/drivemorocco-tours.com\/wp-content\/uploads\/2024\/01\/transfer-agadir-1.webp 1600w, https:\/\/drivemorocco-tours.com\/wp-content\/uploads\/2024\/01\/transfer-agadir-1-300x188.webp 300w, https:\/\/drivemorocco-tours.com\/wp-content\/uploads\/2024\/01\/transfer-agadir-1-1024x640.webp 1024w, https:\/\/drivemorocco-tours.com\/wp-content\/uploads\/2024\/01\/transfer-agadir-1-768x480.webp 768w, https:\/\/drivemorocco-tours.com\/wp-content\/uploads\/2024\/01\/transfer-agadir-1-1536x960.webp 1536w\" sizes=\"(max-width: 1600px) 100vw, 1600px\" \/>\t\t\t\t\t\t\t\t<\/a>\n\t\t\t\t\t\t\t\t\t\t\t\t\t\t\t<\/div>\n\t\t<div class=\"elementor-element elementor-element-4da4b46 e-con-full e-flex e-con e-child\" data-id=\"4da4b46\" data-element_type=\"container\" data-e-type=\"container\">\n\t\t\t\t<div class=\"elementor-element elementor-element-dfefdb4 __title-box elementor-widget elementor-widget-heading\" data-id=\"dfefdb4\" data-element_type=\"widget\" data-e-type=\"widget\" data-widget_type=\"heading.default\">\n\t\t\t\t\t<h5 class=\"elementor-heading-title elementor-size-default\">Taxi Agadir<\/h5>\t\t\t\t<\/div>\n\t\t\t\t<div class=\"elementor-element elementor-element-5da4bd9 elementor-widget elementor-widget-text-editor\" data-id=\"5da4bd9\" data-element_type=\"widget\" data-e-type=\"widget\" data-widget_type=\"text-editor.default\">\n\t\t\t\t\t\t\t\t\t<p>Taxi Agadir ist der Schl\u00fcssel. Ob Sie ein erfahrener Reisender sind oder zum ersten Mal reisen, die Navigation durch unbekannte Ziele kann eine entmutigende Aufgabe sein.\u00a0<\/p>\t\t\t\t\t\t\t\t<\/div>\n\t\t\t\t<div class=\"elementor-element elementor-element-5ed37fb premium-lq__none elementor-widget elementor-widget-premium-addon-button\" data-id=\"5ed37fb\" data-element_type=\"widget\" data-e-type=\"widget\" data-widget_type=\"premium-addon-button.default\">\n\t\t\t\t\t\n\n\t\t<a class=\"premium-button premium-button-style6 premium-btn-sm premium-button-style6\" href=\"https:\/\/drivemorocco-tours.com\/de\/taxi-agadir\/\">\n\t\t\t<div class=\"premium-button-text-icon-wrapper\">\n\t\t\t\t\n\t\t\t\t\t\t\t\t\t<span >\n\t\t\t\t\t\tJetzt buchen\t\t\t\t\t<\/span>\n\t\t\t\t\t\t\t<\/div>\n\n\t\t\t\n\t\t\t\n\t\t\t\n\t\t<\/a>\n\n\n\t\t\t\t\t\t<\/div>\n\t\t\t\t<\/div>\n\t\t\t\t<\/div>\n\t\t<div class=\"elementor-element elementor-element-fb06bb5 e-con-full e-flex e-con e-child\" data-id=\"fb06bb5\" data-element_type=\"container\" data-e-type=\"container\">\n\t\t\t\t<div class=\"elementor-element elementor-element-eef6fbd elementor-widget elementor-widget-image\" data-id=\"eef6fbd\" data-element_type=\"widget\" data-e-type=\"widget\" data-widget_type=\"image.default\">\n\t\t\t\t\t\t\t\t\t\t\t\t\t\t\t\t<a href=\"https:\/\/drivemorocco-tours.com\/de\/taxirabat\/\">\n\t\t\t\t\t\t\t<img loading=\"lazy\" decoding=\"async\" width=\"1200\" height=\"630\" src=\"https:\/\/drivemorocco-tours.com\/wp-content\/uploads\/2024\/01\/transfer-rabat.webp\" class=\"attachment-2048x2048 size-2048x2048 wp-image-11408\" alt=\"taxirabat\" srcset=\"https:\/\/drivemorocco-tours.com\/wp-content\/uploads\/2024\/01\/transfer-rabat.webp 1200w, https:\/\/drivemorocco-tours.com\/wp-content\/uploads\/2024\/01\/transfer-rabat-300x158.webp 300w, https:\/\/drivemorocco-tours.com\/wp-content\/uploads\/2024\/01\/transfer-rabat-1024x538.webp 1024w, https:\/\/drivemorocco-tours.com\/wp-content\/uploads\/2024\/01\/transfer-rabat-768x403.webp 768w\" sizes=\"(max-width: 1200px) 100vw, 1200px\" \/>\t\t\t\t\t\t\t\t<\/a>\n\t\t\t\t\t\t\t\t\t\t\t\t\t\t\t<\/div>\n\t\t<div class=\"elementor-element elementor-element-0c5ae63 e-con-full e-flex e-con e-child\" data-id=\"0c5ae63\" data-element_type=\"container\" data-e-type=\"container\">\n\t\t\t\t<div class=\"elementor-element elementor-element-09400dd __title-box elementor-widget elementor-widget-heading\" data-id=\"09400dd\" data-element_type=\"widget\" data-e-type=\"widget\" data-widget_type=\"heading.default\">\n\t\t\t\t\t<h5 class=\"elementor-heading-title elementor-size-default\">Taxi Rabat<\/h5>\t\t\t\t<\/div>\n\t\t\t\t<div class=\"elementor-element elementor-element-96523f2 elementor-widget elementor-widget-text-editor\" data-id=\"96523f2\" data-element_type=\"widget\" data-e-type=\"widget\" data-widget_type=\"text-editor.default\">\n\t\t\t\t\t\t\t\t\t<p>Ganz gleich, ob Sie in Rabat, Marrakesch, Casablanca oder Essaouira ankommen, die Bedeutung eines zuverl\u00e4ssigen Transferservices kann nicht hoch genug eingesch\u00e4tzt werden.<\/p>\t\t\t\t\t\t\t\t<\/div>\n\t\t\t\t<div class=\"elementor-element elementor-element-efd31ae premium-lq__none elementor-widget elementor-widget-premium-addon-button\" data-id=\"efd31ae\" data-element_type=\"widget\" data-e-type=\"widget\" data-widget_type=\"premium-addon-button.default\">\n\t\t\t\t\t\n\n\t\t<a class=\"premium-button premium-button-style6 premium-btn-sm premium-button-style6\" href=\"https:\/\/drivemorocco-tours.com\/de\/taxirabat\/\">\n\t\t\t<div class=\"premium-button-text-icon-wrapper\">\n\t\t\t\t\n\t\t\t\t\t\t\t\t\t<span >\n\t\t\t\t\t\tJetzt buchen\t\t\t\t\t<\/span>\n\t\t\t\t\t\t\t<\/div>\n\n\t\t\t\n\t\t\t\n\t\t\t\n\t\t<\/a>\n\n\n\t\t\t\t\t\t<\/div>\n\t\t\t\t<\/div>\n\t\t\t\t<\/div>\n\t\t\t\t\t<\/div>\n\t\t\t\t<\/div>\n\t\t\t\t<\/div>","protected":false},"excerpt":{"rendered":"<p>Taxi Marrakesch Marrakesch, eine pulsierende Stadt voller Kultur und Geschichte, lockt Reisende aus aller Welt an. Jetzt buchen Taxi Essaouira Essaouira ist eine K\u00fcstenstadt in Marokko, die f\u00fcr ihren historischen Charme, ihre Sandstr\u00e4nde und ihr b\u00f6hmisches Ambiente bekannt ist. Buchen Sie jetzt Taxi Casablanca Mit Taxi Casablanca entdecken Sie den Charme von Casablanca, Marrakesch, Agadir und Essaouira. Buchen Sie jetzt Taxi Agadir [...]<\/p>","protected":false},"author":1,"featured_media":0,"parent":0,"menu_order":0,"comment_status":"closed","ping_status":"closed","template":"","meta":{"site-sidebar-layout":"no-sidebar","site-content-layout":"","ast-site-content-layout":"full-width-container","site-content-style":"default","site-sidebar-style":"default","ast-global-header-display":"","ast-banner-title-visibility":"","ast-main-header-display":"","ast-hfb-above-header-display":"","ast-hfb-below-header-display":"","ast-hfb-mobile-header-display":"","site-post-title":"disabled","ast-breadcrumbs-content":"","ast-featured-img":"disabled","footer-sml-layout":"","ast-disable-related-posts":"","theme-transparent-header-meta":"","adv-header-id-meta":"","stick-header-meta":"","header-above-stick-meta":"","header-main-stick-meta":"","header-below-stick-meta":"","astra-migrate-meta-layouts":"default","ast-page-background-enabled":"default","ast-page-background-meta":{"desktop":{"background-color":"var(--ast-global-color-4)","background-image":"","background-repeat":"repeat","background-position":"center center","background-size":"auto","background-attachment":"scroll","background-type":"","background-media":"","overlay-type":"","overlay-color":"","overlay-opacity":"","overlay-gradient":""},"tablet":{"background-color":"","background-image":"","background-repeat":"repeat","background-position":"center center","background-size":"auto","background-attachment":"scroll","background-type":"","background-media":"","overlay-type":"","overlay-color":"","overlay-opacity":"","overlay-gradient":""},"mobile":{"background-color":"","background-image":"","background-repeat":"repeat","background-position":"center center","background-size":"auto","background-attachment":"scroll","background-type":"","background-media":"","overlay-type":"","overlay-color":"","overlay-opacity":"","overlay-gradient":""}},"ast-content-background-meta":{"desktop":{"background-color":"var(--ast-global-color-5)","background-image":"","background-repeat":"repeat","background-position":"center center","background-size":"auto","background-attachment":"scroll","background-type":"","background-media":"","overlay-type":"","overlay-color":"","overlay-opacity":"","overlay-gradient":""},"tablet":{"background-color":"var(--ast-global-color-5)","background-image":"","background-repeat":"repeat","background-position":"center center","background-size":"auto","background-attachment":"scroll","background-type":"","background-media":"","overlay-type":"","overlay-color":"","overlay-opacity":"","overlay-gradient":""},"mobile":{"background-color":"var(--ast-global-color-5)","background-image":"","background-repeat":"repeat","background-position":"center center","background-size":"auto","background-attachment":"scroll","background-type":"","background-media":"","overlay-type":"","overlay-color":"","overlay-opacity":"","overlay-gradient":""}},"footnotes":""},"class_list":["post-49","page","type-page","status-publish","hentry"],"_hostinger_reach_plugin_has_subscription_block":false,"_hostinger_reach_plugin_is_elementor":false,"_links":{"self":[{"href":"https:\/\/drivemorocco-tours.com\/de\/wp-json\/wp\/v2\/pages\/49","targetHints":{"allow":["GET"]}}],"collection":[{"href":"https:\/\/drivemorocco-tours.com\/de\/wp-json\/wp\/v2\/pages"}],"about":[{"href":"https:\/\/drivemorocco-tours.com\/de\/wp-json\/wp\/v2\/types\/page"}],"author":[{"embeddable":true,"href":"https:\/\/drivemorocco-tours.com\/de\/wp-json\/wp\/v2\/users\/1"}],"replies":[{"embeddable":true,"href":"https:\/\/drivemorocco-tours.com\/de\/wp-json\/wp\/v2\/comments?post=49"}],"version-history":[{"count":0,"href":"https:\/\/drivemorocco-tours.com\/de\/wp-json\/wp\/v2\/pages\/49\/revisions"}],"wp:attachment":[{"href":"https:\/\/drivemorocco-tours.com\/de\/wp-json\/wp\/v2\/media?parent=49"}],"curies":[{"name":"wp","href":"https:\/\/api.w.org\/{rel}","templated":true}]}}