{"id":51,"date":"2023-11-22T15:52:30","date_gmt":"2023-11-22T14:52:30","guid":{"rendered":"https:\/\/drivemorocco-tours.com\/?page_id=51"},"modified":"2024-06-27T12:37:34","modified_gmt":"2024-06-27T10:37:34","slug":"taxi-flughafen","status":"publish","type":"page","link":"https:\/\/drivemorocco-tours.com\/de\/taxi-flughafen\/","title":{"rendered":"Taxi Flughafen"},"content":{"rendered":"<div data-elementor-type=\"wp-page\" data-elementor-id=\"51\" class=\"elementor elementor-51\" data-elementor-post-type=\"page\">\n\t\t\t\t<div class=\"elementor-element elementor-element-2ab95178 e-flex e-con-boxed e-con e-parent\" data-id=\"2ab95178\" data-element_type=\"container\" data-settings=\"{&quot;background_background&quot;:&quot;classic&quot;}\">\n\t\t\t\t\t<div class=\"e-con-inner\">\n\t\t\t\t\t<\/div>\n\t\t\t\t<\/div>\n\t\t<div class=\"elementor-element elementor-element-849b847 e-flex e-con-boxed e-con e-parent\" data-id=\"849b847\" data-element_type=\"container\">\n\t\t\t\t\t<div class=\"e-con-inner\">\n\t\t<div class=\"elementor-element elementor-element-46a9e37 e-con-full e-flex e-con e-child\" data-id=\"46a9e37\" data-element_type=\"container\">\n\t\t\t\t<div class=\"elementor-element elementor-element-ab9802d elementor-widget elementor-widget-image\" data-id=\"ab9802d\" data-element_type=\"widget\" data-widget_type=\"image.default\">\n\t\t\t\t\t\t\t\t\t\t\t\t\t\t\t\t<a href=\"https:\/\/drivemorocco-tours.com\/de\/taxi-marrakech-flughafen\/\">\n\t\t\t\t\t\t\t<img fetchpriority=\"high\" decoding=\"async\" width=\"1024\" height=\"768\" src=\"https:\/\/drivemorocco-tours.com\/wp-content\/uploads\/2024\/01\/marrakech-airport.webp\" class=\"attachment-2048x2048 size-2048x2048 wp-image-11460\" alt=\"taxi marrakech flughafen\" srcset=\"https:\/\/drivemorocco-tours.com\/wp-content\/uploads\/2024\/01\/marrakech-airport.webp 1024w, https:\/\/drivemorocco-tours.com\/wp-content\/uploads\/2024\/01\/marrakech-airport-300x225.webp 300w, https:\/\/drivemorocco-tours.com\/wp-content\/uploads\/2024\/01\/marrakech-airport-768x576.webp 768w\" sizes=\"(max-width: 1024px) 100vw, 1024px\" \/>\t\t\t\t\t\t\t\t<\/a>\n\t\t\t\t\t\t\t\t\t\t\t\t\t\t\t<\/div>\n\t\t<div class=\"elementor-element elementor-element-25d8cb9 e-con-full e-flex e-con e-child\" data-id=\"25d8cb9\" data-element_type=\"container\">\n\t\t\t\t<div class=\"elementor-element elementor-element-5fc6d5a __title-box elementor-widget elementor-widget-heading\" data-id=\"5fc6d5a\" data-element_type=\"widget\" data-widget_type=\"heading.default\">\n\t\t\t\t\t<h5 class=\"elementor-heading-title elementor-size-default\">Taxi Marrakech Flughafen<\/h5>\t\t\t\t<\/div>\n\t\t\t\t<div class=\"elementor-element elementor-element-54b5745 elementor-widget elementor-widget-text-editor\" data-id=\"54b5745\" data-element_type=\"widget\" data-widget_type=\"text-editor.default\">\n\t\t\t\t\t\t\t\t\t<p>Begeben Sie sich auf eine bezaubernde Reise, wenn Sie den Flughafen Marrakesch Menara betreten, das Tor zur pulsierenden und mystischen Stadt Marrakesch in Marokko.<\/p>\t\t\t\t\t\t\t\t<\/div>\n\t\t\t\t<div class=\"elementor-element elementor-element-6cb012c premium-lq__none elementor-widget elementor-widget-premium-addon-button\" data-id=\"6cb012c\" data-element_type=\"widget\" data-widget_type=\"premium-addon-button.default\">\n\t\t\t\t\t\r\n\r\n\t\t<a class=\"premium-button premium-button-style6 premium-btn-sm premium-button-style6\" href=\"https:\/\/drivemorocco-tours.com\/fr\/taxi-aeroport-de-marrakech\/\">\r\n\t\t\t<div class=\"premium-button-text-icon-wrapper\">\r\n\t\t\t\t\r\n\t\t\t\t\t\t\t\t\t<span >\r\n\t\t\t\t\t\tJetzt buchen\t\t\t\t\t<\/span>\r\n\t\t\t\t\t\t\t<\/div>\r\n\r\n\t\t\t\r\n\t\t\t\r\n\t\t\t\r\n\t\t<\/a>\r\n\r\n\r\n\t\t\t\t\t\t<\/div>\n\t\t\t\t<\/div>\n\t\t\t\t<\/div>\n\t\t<div class=\"elementor-element elementor-element-cc687be e-con-full e-flex e-con e-child\" data-id=\"cc687be\" data-element_type=\"container\">\n\t\t\t\t<div class=\"elementor-element elementor-element-565d9fe elementor-widget elementor-widget-image\" data-id=\"565d9fe\" data-element_type=\"widget\" data-widget_type=\"image.default\">\n\t\t\t\t\t\t\t\t\t\t\t\t\t\t\t\t<a href=\"https:\/\/drivemorocco-tours.com\/de\/taxi-essaouira-flughafen\/\">\n\t\t\t\t\t\t\t<img decoding=\"async\" width=\"1200\" height=\"857\" src=\"https:\/\/drivemorocco-tours.com\/wp-content\/uploads\/2024\/01\/transfer-essaouira-airport.webp\" class=\"attachment-2048x2048 size-2048x2048 wp-image-11572\" alt=\"taxi essaouira flughafen\" srcset=\"https:\/\/drivemorocco-tours.com\/wp-content\/uploads\/2024\/01\/transfer-essaouira-airport.webp 1200w, https:\/\/drivemorocco-tours.com\/wp-content\/uploads\/2024\/01\/transfer-essaouira-airport-300x214.webp 300w, https:\/\/drivemorocco-tours.com\/wp-content\/uploads\/2024\/01\/transfer-essaouira-airport-1024x731.webp 1024w, https:\/\/drivemorocco-tours.com\/wp-content\/uploads\/2024\/01\/transfer-essaouira-airport-768x548.webp 768w\" sizes=\"(max-width: 1200px) 100vw, 1200px\" \/>\t\t\t\t\t\t\t\t<\/a>\n\t\t\t\t\t\t\t\t\t\t\t\t\t\t\t<\/div>\n\t\t<div class=\"elementor-element elementor-element-489cffa e-con-full e-flex e-con e-child\" data-id=\"489cffa\" data-element_type=\"container\">\n\t\t\t\t<div class=\"elementor-element elementor-element-3d90ce4 __title-box elementor-widget elementor-widget-heading\" data-id=\"3d90ce4\" data-element_type=\"widget\" data-widget_type=\"heading.default\">\n\t\t\t\t\t<h5 class=\"elementor-heading-title elementor-size-default\">Taxi Essaouira Flughafen<\/h5>\t\t\t\t<\/div>\n\t\t\t\t<div class=\"elementor-element elementor-element-9ff63fd elementor-widget elementor-widget-text-editor\" data-id=\"9ff63fd\" data-element_type=\"widget\" data-widget_type=\"text-editor.default\">\n\t\t\t\t\t\t\t\t\t<p>Entdecken Sie das bezaubernde Tor zu Marokkos K\u00fcstenjuwel - Essaouira. Eingebettet zwischen dem Atlantischen Ozean und der historischen Stadt.<\/p>\t\t\t\t\t\t\t\t<\/div>\n\t\t\t\t<div class=\"elementor-element elementor-element-021f534 premium-lq__none elementor-widget elementor-widget-premium-addon-button\" data-id=\"021f534\" data-element_type=\"widget\" data-widget_type=\"premium-addon-button.default\">\n\t\t\t\t\t\r\n\r\n\t\t<a class=\"premium-button premium-button-style6 premium-btn-sm premium-button-style6\" href=\"https:\/\/drivemorocco-tours.com\/fr\/taxi-aeroport-essaouira\/\">\r\n\t\t\t<div class=\"premium-button-text-icon-wrapper\">\r\n\t\t\t\t\r\n\t\t\t\t\t\t\t\t\t<span >\r\n\t\t\t\t\t\tJetzt buchen\t\t\t\t\t<\/span>\r\n\t\t\t\t\t\t\t<\/div>\r\n\r\n\t\t\t\r\n\t\t\t\r\n\t\t\t\r\n\t\t<\/a>\r\n\r\n\r\n\t\t\t\t\t\t<\/div>\n\t\t\t\t<\/div>\n\t\t\t\t<\/div>\n\t\t<div class=\"elementor-element elementor-element-3a63860 e-con-full e-flex e-con e-child\" data-id=\"3a63860\" data-element_type=\"container\">\n\t\t\t\t<div class=\"elementor-element elementor-element-0743a14 elementor-widget elementor-widget-image\" data-id=\"0743a14\" data-element_type=\"widget\" data-widget_type=\"image.default\">\n\t\t\t\t\t\t\t\t\t\t\t\t\t\t\t\t<a href=\"https:\/\/drivemorocco-tours.com\/de\/taxi-agadir-flughafen\/\">\n\t\t\t\t\t\t\t<img decoding=\"async\" width=\"1024\" height=\"768\" src=\"https:\/\/drivemorocco-tours.com\/wp-content\/uploads\/2024\/01\/transfer-agadir-airport.webp\" class=\"attachment-2048x2048 size-2048x2048 wp-image-11585\" alt=\"taxi agadir flughafen\" srcset=\"https:\/\/drivemorocco-tours.com\/wp-content\/uploads\/2024\/01\/transfer-agadir-airport.webp 1024w, https:\/\/drivemorocco-tours.com\/wp-content\/uploads\/2024\/01\/transfer-agadir-airport-300x225.webp 300w, https:\/\/drivemorocco-tours.com\/wp-content\/uploads\/2024\/01\/transfer-agadir-airport-768x576.webp 768w\" sizes=\"(max-width: 1024px) 100vw, 1024px\" \/>\t\t\t\t\t\t\t\t<\/a>\n\t\t\t\t\t\t\t\t\t\t\t\t\t\t\t<\/div>\n\t\t<div class=\"elementor-element elementor-element-ea5fa5a e-con-full e-flex e-con e-child\" data-id=\"ea5fa5a\" data-element_type=\"container\">\n\t\t\t\t<div class=\"elementor-element elementor-element-1d5641e __title-box elementor-widget elementor-widget-heading\" data-id=\"1d5641e\" data-element_type=\"widget\" data-widget_type=\"heading.default\">\n\t\t\t\t\t<h5 class=\"elementor-heading-title elementor-size-default\">Taxi Agadir Flughafen<\/h5>\t\t\t\t<\/div>\n\t\t\t\t<div class=\"elementor-element elementor-element-53c88b4 elementor-widget elementor-widget-text-editor\" data-id=\"53c88b4\" data-element_type=\"widget\" data-widget_type=\"text-editor.default\">\n\t\t\t\t\t\t\t\t\t<p>Begeben Sie sich auf eine unvergessliche Reise, wenn Sie am Flughafen Agadir Al-Massira ankommen, Ihrem Tor zum Sonnenparadies Agadir in Marokko.<\/p>\t\t\t\t\t\t\t\t<\/div>\n\t\t\t\t<div class=\"elementor-element elementor-element-ce61670 premium-lq__none elementor-widget elementor-widget-premium-addon-button\" data-id=\"ce61670\" data-element_type=\"widget\" data-widget_type=\"premium-addon-button.default\">\n\t\t\t\t\t\r\n\r\n\t\t<a class=\"premium-button premium-button-style6 premium-btn-sm premium-button-style6\" href=\"https:\/\/drivemorocco-tours.com\/fr\/taxi-aeroport-agadir\/\">\r\n\t\t\t<div class=\"premium-button-text-icon-wrapper\">\r\n\t\t\t\t\r\n\t\t\t\t\t\t\t\t\t<span >\r\n\t\t\t\t\t\tJetzt buchen\t\t\t\t\t<\/span>\r\n\t\t\t\t\t\t\t<\/div>\r\n\r\n\t\t\t\r\n\t\t\t\r\n\t\t\t\r\n\t\t<\/a>\r\n\r\n\r\n\t\t\t\t\t\t<\/div>\n\t\t\t\t<\/div>\n\t\t\t\t<\/div>\n\t\t<div class=\"elementor-element elementor-element-128f96b e-con-full e-flex e-con e-child\" data-id=\"128f96b\" data-element_type=\"container\">\n\t\t\t\t<div class=\"elementor-element elementor-element-412d645 elementor-widget elementor-widget-image\" data-id=\"412d645\" data-element_type=\"widget\" data-widget_type=\"image.default\">\n\t\t\t\t\t\t\t\t\t\t\t\t\t\t\t\t<a href=\"https:\/\/drivemorocco-tours.com\/de\/taxi-flughafen-casablanca\/\">\n\t\t\t\t\t\t\t<img loading=\"lazy\" decoding=\"async\" width=\"1024\" height=\"768\" src=\"https:\/\/drivemorocco-tours.com\/wp-content\/uploads\/2024\/01\/transfer-casablanca-airport.webp\" class=\"attachment-2048x2048 size-2048x2048 wp-image-11596\" alt=\"taxi flughafen casablanca\" srcset=\"https:\/\/drivemorocco-tours.com\/wp-content\/uploads\/2024\/01\/transfer-casablanca-airport.webp 1024w, https:\/\/drivemorocco-tours.com\/wp-content\/uploads\/2024\/01\/transfer-casablanca-airport-300x225.webp 300w, https:\/\/drivemorocco-tours.com\/wp-content\/uploads\/2024\/01\/transfer-casablanca-airport-768x576.webp 768w\" sizes=\"(max-width: 1024px) 100vw, 1024px\" \/>\t\t\t\t\t\t\t\t<\/a>\n\t\t\t\t\t\t\t\t\t\t\t\t\t\t\t<\/div>\n\t\t<div class=\"elementor-element elementor-element-851a20c e-con-full e-flex e-con e-child\" data-id=\"851a20c\" data-element_type=\"container\">\n\t\t\t\t<div class=\"elementor-element elementor-element-0dd7c19 __title-box elementor-widget elementor-widget-heading\" data-id=\"0dd7c19\" data-element_type=\"widget\" data-widget_type=\"heading.default\">\n\t\t\t\t\t<h5 class=\"elementor-heading-title elementor-size-default\">Taxi Casablanca Flughafen<\/h5>\t\t\t\t<\/div>\n\t\t\t\t<div class=\"elementor-element elementor-element-0cfb250 elementor-widget elementor-widget-text-editor\" data-id=\"0cfb250\" data-element_type=\"widget\" data-widget_type=\"text-editor.default\">\n\t\t\t\t\t\t\t\t\t<p>Der Flughafen Mohammed V. ist Ihr Tor zur pulsierenden Stadt Casablanca, wo Moderne und Tradition im Herzen Marokkos aufeinandertreffen.<\/p>\t\t\t\t\t\t\t\t<\/div>\n\t\t\t\t<div class=\"elementor-element elementor-element-0c28a41 premium-lq__none elementor-widget elementor-widget-premium-addon-button\" data-id=\"0c28a41\" data-element_type=\"widget\" data-widget_type=\"premium-addon-button.default\">\n\t\t\t\t\t\r\n\r\n\t\t<a class=\"premium-button premium-button-style6 premium-btn-sm premium-button-style6\" href=\"https:\/\/drivemorocco-tours.com\/fr\/taxi-aeroport-casablanca\/\">\r\n\t\t\t<div class=\"premium-button-text-icon-wrapper\">\r\n\t\t\t\t\r\n\t\t\t\t\t\t\t\t\t<span >\r\n\t\t\t\t\t\tJetzt buchen\t\t\t\t\t<\/span>\r\n\t\t\t\t\t\t\t<\/div>\r\n\r\n\t\t\t\r\n\t\t\t\r\n\t\t\t\r\n\t\t<\/a>\r\n\r\n\r\n\t\t\t\t\t\t<\/div>\n\t\t\t\t<\/div>\n\t\t\t\t<\/div>\n\t\t\t\t\t<\/div>\n\t\t\t\t<\/div>\n\t\t<div class=\"elementor-element elementor-element-e9a6223 e-flex e-con-boxed e-con e-parent\" data-id=\"e9a6223\" data-element_type=\"container\">\n\t\t\t\t\t<div class=\"e-con-inner\">\n\t\t\t\t<div class=\"elementor-element elementor-element-e295be6 elementor-widget elementor-widget-text-editor\" data-id=\"e295be6\" data-element_type=\"widget\" data-widget_type=\"text-editor.default\">\n\t\t\t\t\t\t\t\t\t<h5><strong>Taxi Flughafen Service von Drive Morocco Tours<\/strong><\/h5><p>Wenn es um zuverl\u00e4ssige und effiziente Taxidienste am Flughafen geht, <strong>Drive Morocco Tours<\/strong> hebt sich als erste Wahl hervor. Wenn Sie eine Reise planen und einen stressfreien Weg zum oder vom Flughafen suchen, sind Sie hier genau richtig. In diesem Leitfaden erfahren Sie alles, was Sie \u00fcber die Nutzung von Drive Morocco Tours f\u00fcr Ihren Taxi-Flughafen-Service wissen m\u00fcssen.<\/p><h5><strong>Warum Drive Morocco Tours f\u00fcr Ihren Taxi-Flughafen-Service w\u00e4hlen?<\/strong><\/h5><h6><strong>Reputation und Erfahrung<\/strong><\/h6><p>Drive Morocco Tours hat sich im Laufe der Jahre einen soliden Ruf als Anbieter erstklassiger Transportdienstleistungen erworben. Dank ihrer langj\u00e4hrigen Erfahrung in der Branche kennen sie die Feinheiten des Flughafentransfers und sorgen f\u00fcr einen reibungslosen und problemlosen Ablauf.<\/p><h6><strong>Kundenrezensionen und Testimonials<\/strong><\/h6><p>Nichts spricht lauter als die Stimmen zufriedener Kunden. Drive Morocco Tours kann sich zahlreicher positiver Bewertungen und Zeugnisse von Reisenden r\u00fchmen, die seine Dienstleistungen genossen haben, was das Engagement des Unternehmens f\u00fcr hervorragende Leistungen unterstreicht.<\/p><h5><strong>Hauptmerkmale von Drive Morocco Tours' Taxi Airport Service<\/strong><\/h5><h6><strong>P\u00fcnktlichkeit<\/strong><\/h6><p>Eines der herausragenden Merkmale von Drive Morocco Tours ist ihre Verpflichtung zur P\u00fcnktlichkeit. Sie wissen, wie wichtig es ist, p\u00fcnktlich zu sein, besonders bei Flughafentransfers, wo jede Minute z\u00e4hlt.<\/p><h6><strong>Sicherheit<\/strong><\/h6><p>Sicherheit hat f\u00fcr Drive Morocco Tours oberste Priorit\u00e4t. Die Fahrzeuge werden regelm\u00e4\u00dfig gewartet und inspiziert, um zu gew\u00e4hrleisten, dass Sie in einer sicheren Umgebung reisen.<\/p><h6><strong>Komfort<\/strong><\/h6><p>Reisen kann anstrengend sein, aber mit Drive Morocco Tours ist Komfort garantiert. Die Fahrzeuge sind mit bequemen Sitzen und Annehmlichkeiten ausgestattet, um Ihre Reise angenehm zu gestalten.<\/p><h6><strong>Berufskraftfahrer<\/strong><\/h6><p>Die Fahrer von Drive Morocco Tours sind nicht nur erfahren, sondern auch h\u00f6flich und professionell. Sie sind darauf geschult, einen hervorragenden Kundenservice zu bieten und eine reibungslose Fahrt zu gew\u00e4hrleisten.<\/p><h5><strong>Buchen Sie Ihr Taxi Flughafen Service<\/strong><\/h5><h6><strong>Einfacher Online-Buchungsprozess<\/strong><\/h6><p>Die Buchung Ihres Flughafentaxis bei Drive Morocco Tours ist ein Kinderspiel. Ihr benutzerfreundliches <a title=\"Buchungsplattform\" href=\"https:\/\/drivemorocco-tours.com\/de\/buchung\/\"><b>Website<\/b> <\/a>erm\u00f6glicht es Ihnen, Ihre Fahrt schnell und effizient zu planen, ganz bequem von zu Hause aus.<\/p><h6><strong>Flexible Zahlungsoptionen<\/strong><\/h6><p>Drive Morocco Tours bietet eine Vielzahl von Zahlungsm\u00f6glichkeiten an, um Ihren Bed\u00fcrfnissen gerecht zu werden. Egal, ob Sie lieber online oder pers\u00f6nlich bezahlen m\u00f6chten, Sie haben die Wahl.<\/p><h5><strong>Was Sie auf Ihrer Reise erwartet<\/strong><\/h5><h6><strong>Abhol- und Begr\u00fc\u00dfungsdienst<\/strong><\/h6><p>Bei Ihrer Ankunft werden Sie von einem freundlichen Fahrer begr\u00fc\u00dft, der ein Schild mit Ihrem Namen h\u00e4lt. Dieser pers\u00f6nliche Service sorgt daf\u00fcr, dass Sie nach einem langen Flug nicht lange nach Ihrem Fahrzeug suchen m\u00fcssen.<\/p><h5><strong>Hilfe beim Gep\u00e4ck<\/strong><\/h5><p>Reisen Sie mit schwerem Gep\u00e4ck? Kein Problem! Ihr Fahrer hilft Ihnen mit Ihrem Gep\u00e4ck und macht Ihre Reise noch bequemer.<\/p><h5><strong>Erfassungsbereich<\/strong><\/h5><h6><strong>Angeflogene Gro\u00dfflugh\u00e4fen<\/strong><\/h6><p>Drive Morocco Tours bedient alle gro\u00dfen Flugh\u00e4fen in Marokko, so dass Sie unabh\u00e4ngig von Ihrem Abflugort immer eine zuverl\u00e4ssige Mitfahrgelegenheit haben.<\/p><h6><strong>Beliebte Reiseziele<\/strong><\/h6><p>Egal, ob Sie zu einem Hotel, einem Gesch\u00e4ftstreffen oder einer Sehensw\u00fcrdigkeit fahren wollen, Drive Morocco Tours bringt Sie effizient dorthin.<\/p><h5><strong>Preise und Pakete<\/strong><\/h5><h6><strong>Konkurrenzf\u00e4hige Preise<\/strong><\/h6><p>Drive Morocco Tours bietet wettbewerbsf\u00e4hige <b><a title=\"Preistabelle\" href=\"https:\/\/drivemorocco-tours.com\/de\/preise\/\">Preisgestaltung<\/a> <\/b>ohne Kompromisse bei der Qualit\u00e4t einzugehen. Sie bekommen viel f\u00fcr Ihr Geld.<\/p><h6><strong>Anpassbare Pakete<\/strong><\/h6><p>Sie brauchen etwas Bestimmtes? Wir bieten Ihnen ma\u00dfgeschneiderte Pakete, die Ihren individuellen Reiseanforderungen entsprechen.<\/p><h5><strong>Kundenbetreuung<\/strong><\/h5><h6><strong>24\/7 Verf\u00fcgbarkeit<\/strong><\/h6><p>Ganz gleich, wann Sie Hilfe ben\u00f6tigen, das Kundendienstteam von Drive Morocco Tours ist rund um die Uhr f\u00fcr Sie da.<\/p><h5><strong>Vorteile eines Taxi-Flughafenservices<\/strong><\/h5><h6><strong>Stressfreies Reisen<\/strong><\/h6><p>Verabschieden Sie sich vom Stress der Verkehrs- und Parkplatzsuche. Mit Drive Morocco Tours k\u00f6nnen Sie sich zur\u00fccklehnen und entspannen.<\/p><h6><strong>Zeiteffizienz<\/strong><\/h6><p>Sparen Sie Zeit, indem Sie Ihren Flughafentransfer von einem Profi abwickeln lassen. Sie kommen p\u00fcnktlich und effizient an Ihrem Ziel an.<\/p><h5><strong>Tipps f\u00fcr ein reibungsloses Flughafentaxi-Erlebnis<\/strong><\/h5><h6><strong>Im Voraus buchen<\/strong><\/h6><p>Um die Verf\u00fcgbarkeit sicherzustellen, buchen Sie Ihr Flughafentaxi am besten im Voraus, vor allem w\u00e4hrend der Hauptreisezeiten.<\/p><h6><strong>Besondere Anforderungen kommunizieren<\/strong><\/h6><p>Wenn Sie besondere Anforderungen haben, wie z. B. einen Kindersitz oder einen Rollstuhl, sollten Sie dies bei der Buchung angeben.<\/p><h5><strong style=\"color: var(--ast-global-color-2); font-size: 1.625rem; font-style: inherit; font-family: var( --e-global-typography-text-font-family ), Sans-serif; text-align: var(--text-align); background-color: var(--ast-global-color-5);\">Schlussfolgerung<\/strong><\/h5><p>Die Wahl von Drive Morocco Tours f\u00fcr Ihren Taxi-Flughafen-Service garantiert Ihnen eine zuverl\u00e4ssige, komfortable und stressfreie Reiseerfahrung. Mit den professionellen Fahrern, den verschiedenen Fahrzeugoptionen und dem Engagement f\u00fcr Kundenzufriedenheit k\u00f6nnen Sie mit Vertrauen und Leichtigkeit reisen.<\/p>\t\t\t\t\t\t\t\t<\/div>\n\t\t\t\t\t<\/div>\n\t\t\t\t<\/div>\n\t\t\t\t<\/div>","protected":false},"excerpt":{"rendered":"<p>Taxi Marrakesch Flughafen Begeben Sie sich auf eine bezaubernde Reise, wenn Sie den Flughafen Marrakesch Menara betreten, das Tor zur pulsierenden und mystischen Stadt Marrakesch, Marokko. Jetzt buchen Taxi Essaouira Flughafen Entdecken Sie das bezaubernde Tor zu Marokkos K\u00fcstenjuwel - Essaouira. Eingebettet zwischen dem Atlantischen Ozean und der historischen Stadt. Jetzt buchen Taxi Agadir Flughafen [...]<\/p>","protected":false},"author":1,"featured_media":0,"parent":0,"menu_order":0,"comment_status":"closed","ping_status":"closed","template":"","meta":{"site-sidebar-layout":"no-sidebar","site-content-layout":"","ast-site-content-layout":"full-width-container","site-content-style":"default","site-sidebar-style":"default","ast-global-header-display":"","ast-banner-title-visibility":"","ast-main-header-display":"","ast-hfb-above-header-display":"","ast-hfb-below-header-display":"","ast-hfb-mobile-header-display":"","site-post-title":"disabled","ast-breadcrumbs-content":"","ast-featured-img":"disabled","footer-sml-layout":"","theme-transparent-header-meta":"","adv-header-id-meta":"","stick-header-meta":"","header-above-stick-meta":"","header-main-stick-meta":"","header-below-stick-meta":"","astra-migrate-meta-layouts":"default","ast-page-background-enabled":"default","ast-page-background-meta":{"desktop":{"background-color":"var(--ast-global-color-4)","background-image":"","background-repeat":"repeat","background-position":"center center","background-size":"auto","background-attachment":"scroll","background-type":"","background-media":"","overlay-type":"","overlay-color":"","overlay-opacity":"","overlay-gradient":""},"tablet":{"background-color":"","background-image":"","background-repeat":"repeat","background-position":"center center","background-size":"auto","background-attachment":"scroll","background-type":"","background-media":"","overlay-type":"","overlay-color":"","overlay-opacity":"","overlay-gradient":""},"mobile":{"background-color":"","background-image":"","background-repeat":"repeat","background-position":"center center","background-size":"auto","background-attachment":"scroll","background-type":"","background-media":"","overlay-type":"","overlay-color":"","overlay-opacity":"","overlay-gradient":""}},"ast-content-background-meta":{"desktop":{"background-color":"var(--ast-global-color-5)","background-image":"","background-repeat":"repeat","background-position":"center center","background-size":"auto","background-attachment":"scroll","background-type":"","background-media":"","overlay-type":"","overlay-color":"","overlay-opacity":"","overlay-gradient":""},"tablet":{"background-color":"var(--ast-global-color-5)","background-image":"","background-repeat":"repeat","background-position":"center center","background-size":"auto","background-attachment":"scroll","background-type":"","background-media":"","overlay-type":"","overlay-color":"","overlay-opacity":"","overlay-gradient":""},"mobile":{"background-color":"var(--ast-global-color-5)","background-image":"","background-repeat":"repeat","background-position":"center center","background-size":"auto","background-attachment":"scroll","background-type":"","background-media":"","overlay-type":"","overlay-color":"","overlay-opacity":"","overlay-gradient":""}},"footnotes":""},"class_list":["post-51","page","type-page","status-publish","hentry"],"_hostinger_reach_plugin_has_subscription_block":false,"_hostinger_reach_plugin_is_elementor":false,"_links":{"self":[{"href":"https:\/\/drivemorocco-tours.com\/de\/wp-json\/wp\/v2\/pages\/51","targetHints":{"allow":["GET"]}}],"collection":[{"href":"https:\/\/drivemorocco-tours.com\/de\/wp-json\/wp\/v2\/pages"}],"about":[{"href":"https:\/\/drivemorocco-tours.com\/de\/wp-json\/wp\/v2\/types\/page"}],"author":[{"embeddable":true,"href":"https:\/\/drivemorocco-tours.com\/de\/wp-json\/wp\/v2\/users\/1"}],"replies":[{"embeddable":true,"href":"https:\/\/drivemorocco-tours.com\/de\/wp-json\/wp\/v2\/comments?post=51"}],"version-history":[{"count":0,"href":"https:\/\/drivemorocco-tours.com\/de\/wp-json\/wp\/v2\/pages\/51\/revisions"}],"wp:attachment":[{"href":"https:\/\/drivemorocco-tours.com\/de\/wp-json\/wp\/v2\/media?parent=51"}],"curies":[{"name":"wp","href":"https:\/\/api.w.org\/{rel}","templated":true}]}}