{"id":51,"date":"2023-11-22T15:52:30","date_gmt":"2023-11-22T14:52:30","guid":{"rendered":"https:\/\/drivemorocco-tours.com\/?page_id=51"},"modified":"2024-06-27T12:37:34","modified_gmt":"2024-06-27T10:37:34","slug":"taxi-aeroport","status":"publish","type":"page","link":"https:\/\/drivemorocco-tours.com\/fr\/taxi-aeroport\/","title":{"rendered":"Taxi A\u00e9roport"},"content":{"rendered":"<div data-elementor-type=\"wp-page\" data-elementor-id=\"51\" class=\"elementor elementor-51\" data-elementor-post-type=\"page\">\n\t\t\t\t<div class=\"elementor-element elementor-element-2ab95178 e-flex e-con-boxed e-con e-parent\" data-id=\"2ab95178\" data-element_type=\"container\" data-e-type=\"container\" data-settings=\"{&quot;background_background&quot;:&quot;classic&quot;}\">\n\t\t\t\t\t<div class=\"e-con-inner\">\n\t\t\t\t\t<\/div>\n\t\t\t\t<\/div>\n\t\t<div class=\"elementor-element elementor-element-849b847 e-flex e-con-boxed e-con e-parent\" data-id=\"849b847\" data-element_type=\"container\" data-e-type=\"container\">\n\t\t\t\t\t<div class=\"e-con-inner\">\n\t\t<div class=\"elementor-element elementor-element-46a9e37 e-con-full e-flex e-con e-child\" data-id=\"46a9e37\" data-element_type=\"container\" data-e-type=\"container\">\n\t\t\t\t<div class=\"elementor-element elementor-element-ab9802d elementor-widget elementor-widget-image\" data-id=\"ab9802d\" data-element_type=\"widget\" data-e-type=\"widget\" data-widget_type=\"image.default\">\n\t\t\t\t\t\t\t\t\t\t\t\t\t\t\t\t<a href=\"https:\/\/drivemorocco-tours.com\/fr\/taxi-aeroport-de-marrakech\/\">\n\t\t\t\t\t\t\t<img fetchpriority=\"high\" decoding=\"async\" width=\"1024\" height=\"768\" src=\"https:\/\/drivemorocco-tours.com\/wp-content\/uploads\/2024\/01\/marrakech-airport.webp\" class=\"attachment-2048x2048 size-2048x2048 wp-image-11460\" alt=\"taxi a\u00e9roport de marrakech\" srcset=\"https:\/\/drivemorocco-tours.com\/wp-content\/uploads\/2024\/01\/marrakech-airport.webp 1024w, https:\/\/drivemorocco-tours.com\/wp-content\/uploads\/2024\/01\/marrakech-airport-300x225.webp 300w, https:\/\/drivemorocco-tours.com\/wp-content\/uploads\/2024\/01\/marrakech-airport-768x576.webp 768w\" sizes=\"(max-width: 1024px) 100vw, 1024px\" \/>\t\t\t\t\t\t\t\t<\/a>\n\t\t\t\t\t\t\t\t\t\t\t\t\t\t\t<\/div>\n\t\t<div class=\"elementor-element elementor-element-25d8cb9 e-con-full e-flex e-con e-child\" data-id=\"25d8cb9\" data-element_type=\"container\" data-e-type=\"container\">\n\t\t\t\t<div class=\"elementor-element elementor-element-5fc6d5a __title-box elementor-widget elementor-widget-heading\" data-id=\"5fc6d5a\" data-element_type=\"widget\" data-e-type=\"widget\" data-widget_type=\"heading.default\">\n\t\t\t\t\t<h5 class=\"elementor-heading-title elementor-size-default\">Taxi Marrakech A\u00e9roport<\/h5>\t\t\t\t<\/div>\n\t\t\t\t<div class=\"elementor-element elementor-element-54b5745 elementor-widget elementor-widget-text-editor\" data-id=\"54b5745\" data-element_type=\"widget\" data-e-type=\"widget\" data-widget_type=\"text-editor.default\">\n\t\t\t\t\t\t\t\t\t<p>Embarquez pour un voyage enchanteur d\u00e8s votre arriv\u00e9e \u00e0 l'a\u00e9roport Menara de Marrakech, porte d'entr\u00e9e de la ville vibrante et mystique de Marrakech, au Maroc.<\/p>\t\t\t\t\t\t\t\t<\/div>\n\t\t\t\t<div class=\"elementor-element elementor-element-6cb012c premium-lq__none elementor-widget elementor-widget-premium-addon-button\" data-id=\"6cb012c\" data-element_type=\"widget\" data-e-type=\"widget\" data-widget_type=\"premium-addon-button.default\">\n\t\t\t\t\t\n\n\t\t<a class=\"premium-button premium-button-style6 premium-btn-sm premium-button-style6\" href=\"https:\/\/drivemorocco-tours.com\/fr\/taxi-aeroport-de-marrakech\/\">\n\t\t\t<div class=\"premium-button-text-icon-wrapper\">\n\t\t\t\t\n\t\t\t\t\t\t\t\t\t<span >\n\t\t\t\t\t\tR\u00e9server\t\t\t\t\t<\/span>\n\t\t\t\t\t\t\t<\/div>\n\n\t\t\t\n\t\t\t\n\t\t\t\n\t\t<\/a>\n\n\n\t\t\t\t\t\t<\/div>\n\t\t\t\t<\/div>\n\t\t\t\t<\/div>\n\t\t<div class=\"elementor-element elementor-element-cc687be e-con-full e-flex e-con e-child\" data-id=\"cc687be\" data-element_type=\"container\" data-e-type=\"container\">\n\t\t\t\t<div class=\"elementor-element elementor-element-565d9fe elementor-widget elementor-widget-image\" data-id=\"565d9fe\" data-element_type=\"widget\" data-e-type=\"widget\" data-widget_type=\"image.default\">\n\t\t\t\t\t\t\t\t\t\t\t\t\t\t\t\t<a href=\"https:\/\/drivemorocco-tours.com\/fr\/taxi-aeroport-essaouira\/\">\n\t\t\t\t\t\t\t<img decoding=\"async\" width=\"1200\" height=\"857\" src=\"https:\/\/drivemorocco-tours.com\/wp-content\/uploads\/2024\/01\/transfer-essaouira-airport.webp\" class=\"attachment-2048x2048 size-2048x2048 wp-image-11572\" alt=\"taxi a\u00e9roport d&#039;essaouira\" srcset=\"https:\/\/drivemorocco-tours.com\/wp-content\/uploads\/2024\/01\/transfer-essaouira-airport.webp 1200w, https:\/\/drivemorocco-tours.com\/wp-content\/uploads\/2024\/01\/transfer-essaouira-airport-300x214.webp 300w, https:\/\/drivemorocco-tours.com\/wp-content\/uploads\/2024\/01\/transfer-essaouira-airport-1024x731.webp 1024w, https:\/\/drivemorocco-tours.com\/wp-content\/uploads\/2024\/01\/transfer-essaouira-airport-768x548.webp 768w\" sizes=\"(max-width: 1200px) 100vw, 1200px\" \/>\t\t\t\t\t\t\t\t<\/a>\n\t\t\t\t\t\t\t\t\t\t\t\t\t\t\t<\/div>\n\t\t<div class=\"elementor-element elementor-element-489cffa e-con-full e-flex e-con e-child\" data-id=\"489cffa\" data-element_type=\"container\" data-e-type=\"container\">\n\t\t\t\t<div class=\"elementor-element elementor-element-3d90ce4 __title-box elementor-widget elementor-widget-heading\" data-id=\"3d90ce4\" data-element_type=\"widget\" data-e-type=\"widget\" data-widget_type=\"heading.default\">\n\t\t\t\t\t<h5 class=\"elementor-heading-title elementor-size-default\">Taxi A\u00e9roport Essaouira<\/h5>\t\t\t\t<\/div>\n\t\t\t\t<div class=\"elementor-element elementor-element-9ff63fd elementor-widget elementor-widget-text-editor\" data-id=\"9ff63fd\" data-element_type=\"widget\" data-e-type=\"widget\" data-widget_type=\"text-editor.default\">\n\t\t\t\t\t\t\t\t\t<p>D\u00e9couvrez l'enchanteresse porte d'entr\u00e9e du joyau c\u00f4tier du Maroc - Essaouira. Nich\u00e9e entre l'oc\u00e9an Atlantique et la ville historique.<\/p>\t\t\t\t\t\t\t\t<\/div>\n\t\t\t\t<div class=\"elementor-element elementor-element-021f534 premium-lq__none elementor-widget elementor-widget-premium-addon-button\" data-id=\"021f534\" data-element_type=\"widget\" data-e-type=\"widget\" data-widget_type=\"premium-addon-button.default\">\n\t\t\t\t\t\n\n\t\t<a class=\"premium-button premium-button-style6 premium-btn-sm premium-button-style6\" href=\"https:\/\/drivemorocco-tours.com\/fr\/taxi-aeroport-essaouira\/\">\n\t\t\t<div class=\"premium-button-text-icon-wrapper\">\n\t\t\t\t\n\t\t\t\t\t\t\t\t\t<span >\n\t\t\t\t\t\tR\u00e9server\t\t\t\t\t<\/span>\n\t\t\t\t\t\t\t<\/div>\n\n\t\t\t\n\t\t\t\n\t\t\t\n\t\t<\/a>\n\n\n\t\t\t\t\t\t<\/div>\n\t\t\t\t<\/div>\n\t\t\t\t<\/div>\n\t\t<div class=\"elementor-element elementor-element-3a63860 e-con-full e-flex e-con e-child\" data-id=\"3a63860\" data-element_type=\"container\" data-e-type=\"container\">\n\t\t\t\t<div class=\"elementor-element elementor-element-0743a14 elementor-widget elementor-widget-image\" data-id=\"0743a14\" data-element_type=\"widget\" data-e-type=\"widget\" data-widget_type=\"image.default\">\n\t\t\t\t\t\t\t\t\t\t\t\t\t\t\t\t<a href=\"https:\/\/drivemorocco-tours.com\/fr\/taxi-aeroport-agadir\/\">\n\t\t\t\t\t\t\t<img decoding=\"async\" width=\"1024\" height=\"768\" src=\"https:\/\/drivemorocco-tours.com\/wp-content\/uploads\/2024\/01\/transfer-agadir-airport.webp\" class=\"attachment-2048x2048 size-2048x2048 wp-image-11585\" alt=\"taxi agadir a\u00e9roport\" srcset=\"https:\/\/drivemorocco-tours.com\/wp-content\/uploads\/2024\/01\/transfer-agadir-airport.webp 1024w, https:\/\/drivemorocco-tours.com\/wp-content\/uploads\/2024\/01\/transfer-agadir-airport-300x225.webp 300w, https:\/\/drivemorocco-tours.com\/wp-content\/uploads\/2024\/01\/transfer-agadir-airport-768x576.webp 768w\" sizes=\"(max-width: 1024px) 100vw, 1024px\" \/>\t\t\t\t\t\t\t\t<\/a>\n\t\t\t\t\t\t\t\t\t\t\t\t\t\t\t<\/div>\n\t\t<div class=\"elementor-element elementor-element-ea5fa5a e-con-full e-flex e-con e-child\" data-id=\"ea5fa5a\" data-element_type=\"container\" data-e-type=\"container\">\n\t\t\t\t<div class=\"elementor-element elementor-element-1d5641e __title-box elementor-widget elementor-widget-heading\" data-id=\"1d5641e\" data-element_type=\"widget\" data-e-type=\"widget\" data-widget_type=\"heading.default\">\n\t\t\t\t\t<h5 class=\"elementor-heading-title elementor-size-default\">Taxi A\u00e9roport d'Agadir<\/h5>\t\t\t\t<\/div>\n\t\t\t\t<div class=\"elementor-element elementor-element-53c88b4 elementor-widget elementor-widget-text-editor\" data-id=\"53c88b4\" data-element_type=\"widget\" data-e-type=\"widget\" data-widget_type=\"text-editor.default\">\n\t\t\t\t\t\t\t\t\t<p>Embarquez pour un voyage inoubliable \u00e0 votre arriv\u00e9e \u00e0 l'a\u00e9roport d'Agadir Al-Massira, votre porte d'entr\u00e9e vers le paradis ensoleill\u00e9 d'Agadir, au Maroc.<\/p>\t\t\t\t\t\t\t\t<\/div>\n\t\t\t\t<div class=\"elementor-element elementor-element-ce61670 premium-lq__none elementor-widget elementor-widget-premium-addon-button\" data-id=\"ce61670\" data-element_type=\"widget\" data-e-type=\"widget\" data-widget_type=\"premium-addon-button.default\">\n\t\t\t\t\t\n\n\t\t<a class=\"premium-button premium-button-style6 premium-btn-sm premium-button-style6\" href=\"https:\/\/drivemorocco-tours.com\/fr\/taxi-aeroport-agadir\/\">\n\t\t\t<div class=\"premium-button-text-icon-wrapper\">\n\t\t\t\t\n\t\t\t\t\t\t\t\t\t<span >\n\t\t\t\t\t\tR\u00e9server\t\t\t\t\t<\/span>\n\t\t\t\t\t\t\t<\/div>\n\n\t\t\t\n\t\t\t\n\t\t\t\n\t\t<\/a>\n\n\n\t\t\t\t\t\t<\/div>\n\t\t\t\t<\/div>\n\t\t\t\t<\/div>\n\t\t<div class=\"elementor-element elementor-element-128f96b e-con-full e-flex e-con e-child\" data-id=\"128f96b\" data-element_type=\"container\" data-e-type=\"container\">\n\t\t\t\t<div class=\"elementor-element elementor-element-412d645 elementor-widget elementor-widget-image\" data-id=\"412d645\" data-element_type=\"widget\" data-e-type=\"widget\" data-widget_type=\"image.default\">\n\t\t\t\t\t\t\t\t\t\t\t\t\t\t\t\t<a href=\"https:\/\/drivemorocco-tours.com\/fr\/taxi-aeroport-casablanca\/\">\n\t\t\t\t\t\t\t<img loading=\"lazy\" decoding=\"async\" width=\"1024\" height=\"768\" src=\"https:\/\/drivemorocco-tours.com\/wp-content\/uploads\/2024\/01\/transfer-casablanca-airport.webp\" class=\"attachment-2048x2048 size-2048x2048 wp-image-11596\" alt=\"taxi a\u00e9roport de casablanca\" srcset=\"https:\/\/drivemorocco-tours.com\/wp-content\/uploads\/2024\/01\/transfer-casablanca-airport.webp 1024w, https:\/\/drivemorocco-tours.com\/wp-content\/uploads\/2024\/01\/transfer-casablanca-airport-300x225.webp 300w, https:\/\/drivemorocco-tours.com\/wp-content\/uploads\/2024\/01\/transfer-casablanca-airport-768x576.webp 768w\" sizes=\"(max-width: 1024px) 100vw, 1024px\" \/>\t\t\t\t\t\t\t\t<\/a>\n\t\t\t\t\t\t\t\t\t\t\t\t\t\t\t<\/div>\n\t\t<div class=\"elementor-element elementor-element-851a20c e-con-full e-flex e-con e-child\" data-id=\"851a20c\" data-element_type=\"container\" data-e-type=\"container\">\n\t\t\t\t<div class=\"elementor-element elementor-element-0dd7c19 __title-box elementor-widget elementor-widget-heading\" data-id=\"0dd7c19\" data-element_type=\"widget\" data-e-type=\"widget\" data-widget_type=\"heading.default\">\n\t\t\t\t\t<h5 class=\"elementor-heading-title elementor-size-default\">Taxi A\u00e9roport de Casablanca<\/h5>\t\t\t\t<\/div>\n\t\t\t\t<div class=\"elementor-element elementor-element-0cfb250 elementor-widget elementor-widget-text-editor\" data-id=\"0cfb250\" data-element_type=\"widget\" data-e-type=\"widget\" data-widget_type=\"text-editor.default\">\n\t\t\t\t\t\t\t\t\t<p>L'a\u00e9roport Mohammed V est votre porte d'entr\u00e9e vers la ville vibrante de Casablanca, o\u00f9 la modernit\u00e9 rencontre la tradition au c\u0153ur du Maroc.<\/p>\t\t\t\t\t\t\t\t<\/div>\n\t\t\t\t<div class=\"elementor-element elementor-element-0c28a41 premium-lq__none elementor-widget elementor-widget-premium-addon-button\" data-id=\"0c28a41\" data-element_type=\"widget\" data-e-type=\"widget\" data-widget_type=\"premium-addon-button.default\">\n\t\t\t\t\t\n\n\t\t<a class=\"premium-button premium-button-style6 premium-btn-sm premium-button-style6\" href=\"https:\/\/drivemorocco-tours.com\/fr\/taxi-aeroport-casablanca\/\">\n\t\t\t<div class=\"premium-button-text-icon-wrapper\">\n\t\t\t\t\n\t\t\t\t\t\t\t\t\t<span >\n\t\t\t\t\t\tR\u00e9server\t\t\t\t\t<\/span>\n\t\t\t\t\t\t\t<\/div>\n\n\t\t\t\n\t\t\t\n\t\t\t\n\t\t<\/a>\n\n\n\t\t\t\t\t\t<\/div>\n\t\t\t\t<\/div>\n\t\t\t\t<\/div>\n\t\t\t\t\t<\/div>\n\t\t\t\t<\/div>\n\t\t<div class=\"elementor-element elementor-element-e9a6223 e-flex e-con-boxed e-con e-parent\" data-id=\"e9a6223\" data-element_type=\"container\" data-e-type=\"container\">\n\t\t\t\t\t<div class=\"e-con-inner\">\n\t\t\t\t<div class=\"elementor-element elementor-element-e295be6 elementor-widget elementor-widget-text-editor\" data-id=\"e295be6\" data-element_type=\"widget\" data-e-type=\"widget\" data-widget_type=\"text-editor.default\">\n\t\t\t\t\t\t\t\t\t<h5><strong>Service de taxi \u00e0 l'a\u00e9roport par Drive Morocco Tours<\/strong><\/h5><p>Lorsqu'il s'agit de services de taxi a\u00e9roportuaires fiables et efficaces, <strong>Drive Morocco Tours<\/strong> s'impose comme un choix de premier ordre. Si vous planifiez un voyage et que vous avez besoin d'un moyen de transport sans stress pour vous rendre \u00e0 l'a\u00e9roport ou en revenir, ne cherchez pas plus loin. Ce guide vous expliquera tout ce que vous devez savoir sur l'utilisation de Drive Morocco Tours pour vos besoins en mati\u00e8re de service de taxi \u00e0 l'a\u00e9roport.<\/p><h5><strong>Pourquoi choisir Drive Morocco Tours pour votre service de taxi a\u00e9roport ?<\/strong><\/h5><h6><strong>R\u00e9putation et exp\u00e9rience<\/strong><\/h6><p>Drive Morocco Tours s'est forg\u00e9 une solide r\u00e9putation au fil des ans en fournissant des services de transport de premier ordre. Avec une grande exp\u00e9rience dans l'industrie, ils comprennent les nuances des transferts d'a\u00e9roport, assurant une exp\u00e9rience fluide et sans tracas.<\/p><h6><strong>Avis et t\u00e9moignages de clients<\/strong><\/h6><p>Rien n'est plus \u00e9loquent que la voix de clients satisfaits. Drive Morocco Tours s'enorgueillit de nombreuses critiques positives et de t\u00e9moignages de voyageurs qui ont appr\u00e9ci\u00e9 ses services, soulignant l'engagement de l'entreprise en faveur de l'excellence.<\/p><h5><strong>Caract\u00e9ristiques principales de Drive Morocco Tours' Taxi Airport Service<\/strong><\/h5><h6><strong>Ponctualit\u00e9<\/strong><\/h6><p>L'une des principales caract\u00e9ristiques de Drive Morocco Tours est son engagement en mati\u00e8re de ponctualit\u00e9. Ils comprennent l'importance d'\u00eatre \u00e0 l'heure, en particulier pour les transferts a\u00e9roportuaires o\u00f9 chaque minute compte.<\/p><h6><strong>S\u00e9curit\u00e9<\/strong><\/h6><p>La s\u00e9curit\u00e9 est une priorit\u00e9 absolue pour Drive Morocco Tours. Leurs v\u00e9hicules sont r\u00e9guli\u00e8rement entretenus et inspect\u00e9s, ce qui garantit que vous voyagez dans un environnement s\u00fbr et s\u00e9curis\u00e9.<\/p><h6><strong>Confort<\/strong><\/h6><p>Voyager peut \u00eatre fatigant, mais avec Drive Morocco Tours, le confort est garanti. Leurs v\u00e9hicules sont \u00e9quip\u00e9s de si\u00e8ges confortables et de commodit\u00e9s pour rendre votre voyage agr\u00e9able.<\/p><h6><strong>Conducteurs professionnels<\/strong><\/h6><p>Les chauffeurs de Drive Morocco Tours sont non seulement comp\u00e9tents mais aussi courtois et professionnels. Ils sont form\u00e9s pour fournir un excellent service \u00e0 la client\u00e8le et assurer un trajet sans encombre.<\/p><h5><strong>R\u00e9servez votre service de taxi pour l'a\u00e9roport<\/strong><\/h5><h6><strong>Processus de r\u00e9servation en ligne facile<\/strong><\/h6><p>R\u00e9server votre taxi pour l'a\u00e9roport avec Drive Morocco Tours est un jeu d'enfant. La convivialit\u00e9 de leur service de <a title=\"Plateforme de r\u00e9servation\" href=\"https:\/\/drivemorocco-tours.com\/fr\/reservation\/\"><b>site web<\/b> <\/a>vous permet de planifier votre trajet rapidement et efficacement, depuis le confort de votre domicile.<\/p><h6><strong>Options de paiement flexibles<\/strong><\/h6><p>Drive Morocco Tours offre une vari\u00e9t\u00e9 d'options de paiement pour r\u00e9pondre \u00e0 vos besoins. Que vous pr\u00e9f\u00e9riez payer en ligne ou en personne, ils ont tout ce qu'il vous faut.<\/p><h5><strong>Ce \u00e0 quoi vous pouvez vous attendre au cours de votre voyage<\/strong><\/h5><h6><strong>Service d'accueil<\/strong><\/h6><p>\u00c0 votre arriv\u00e9e, vous serez accueilli par un chauffeur sympathique portant une pancarte \u00e0 votre nom. Gr\u00e2ce \u00e0 ce service personnalis\u00e9, vous n'aurez pas \u00e0 chercher votre v\u00e9hicule apr\u00e8s un long vol.<\/p><h5><strong>Assistance pour les bagages<\/strong><\/h5><p>Vous voyagez avec des bagages lourds ? Pas de probl\u00e8me ! Votre chauffeur vous aidera \u00e0 porter vos sacs, ce qui rendra votre voyage encore plus pratique.<\/p><h5><strong>Zone de couverture<\/strong><\/h5><h6><strong>Principaux a\u00e9roports desservis<\/strong><\/h6><p>Drive Morocco Tours dessert tous les principaux a\u00e9roports du Maroc, ce qui vous garantit un transport fiable, quel que soit votre lieu de d\u00e9part ou d'arriv\u00e9e.<\/p><h6><strong>Destinations populaires<\/strong><\/h6><p>Que vous vous rendiez \u00e0 un h\u00f4tel, \u00e0 une r\u00e9union d'affaires ou \u00e0 une attraction touristique, Drive Morocco Tours peut vous y conduire efficacement.<\/p><h5><strong>Prix et forfaits<\/strong><\/h5><h6><strong>Tarifs comp\u00e9titifs<\/strong><\/h6><p>Drive Morocco Tours propose des tarifs comp\u00e9titifs <b><a title=\"Tableau des prix\" href=\"https:\/\/drivemorocco-tours.com\/fr\/tarifs\/\">la tarification<\/a> <\/b>sans faire de compromis sur la qualit\u00e9. Vous en aurez pour votre argent.<\/p><h6><strong>Paquets personnalisables<\/strong><\/h6><p>Vous avez besoin de quelque chose de sp\u00e9cifique ? Des forfaits personnalisables sont disponibles pour r\u00e9pondre \u00e0 vos besoins uniques en mati\u00e8re de voyage.<\/p><h5><strong>Soutien \u00e0 la client\u00e8le<\/strong><\/h5><h6><strong>Disponibilit\u00e9 24 heures sur 24, 7 jours sur 7<\/strong><\/h6><p>Quel que soit le moment o\u00f9 vous avez besoin d'aide, l'\u00e9quipe d'assistance \u00e0 la client\u00e8le de Drive Morocco Tours est disponible 24 heures sur 24 et 7 jours sur 7 pour vous aider.<\/p><h5><strong>Avantages de l'utilisation d'un service de taxi pour l'a\u00e9roport<\/strong><\/h5><h6><strong>Voyage sans stress<\/strong><\/h6><p>Dites adieu au stress de la circulation et du stationnement. Avec Drive Morocco Tours, vous pouvez vous asseoir et vous d\u00e9tendre.<\/p><h6><strong>Efficacit\u00e9 temporelle<\/strong><\/h6><p>Gagnez du temps en confiant votre transfert a\u00e9roportuaire \u00e0 un professionnel. Vous arriverez \u00e0 destination rapidement et efficacement.<\/p><h5><strong>Conseils pour une exp\u00e9rience fluide avec les taxis de l'a\u00e9roport<\/strong><\/h5><h6><strong>R\u00e9servation \u00e0 l'avance<\/strong><\/h6><p>Pour garantir la disponibilit\u00e9, il est pr\u00e9f\u00e9rable de r\u00e9server votre service de taxi a\u00e9roport \u00e0 l'avance, en particulier pendant les p\u00e9riodes de pointe.<\/p><h6><strong>Communiquer les exigences particuli\u00e8res<\/strong><\/h6><p>Si vous avez des exigences particuli\u00e8res, telles qu'un si\u00e8ge pour enfant ou l'accessibilit\u00e9 en fauteuil roulant, n'oubliez pas de les communiquer lors de la r\u00e9servation.<\/p><h5><strong style=\"color: var(--ast-global-color-2); font-size: 1.625rem; font-style: inherit; font-family: var( --e-global-typography-text-font-family ), Sans-serif; text-align: var(--text-align); background-color: var(--ast-global-color-5);\">Conclusion<\/strong><\/h5><p>Choisir Drive Morocco Tours pour votre service de taxi a\u00e9roport vous assure une exp\u00e9rience de voyage fiable, confortable et sans stress. Avec leurs chauffeurs professionnels, leurs diverses options de v\u00e9hicules et leur engagement \u00e0 satisfaire leurs clients, vous pouvez voyager avec confiance et facilit\u00e9.<\/p>\t\t\t\t\t\t\t\t<\/div>\n\t\t\t\t\t<\/div>\n\t\t\t\t<\/div>\n\t\t\t\t<\/div>","protected":false},"excerpt":{"rendered":"<p>Taxi Marrakech Airport Embark on an enchanting journey as you step into Marrakesh Menara Airport, a gateway to the vibrant and mystical city of Marrakesh, Morocco. Book Now Taxi Essaouira Airport Discover the enchanting gateway to Morocco\u2019s coastal gem \u2013 Essaouira. Nestled between the Atlantic Ocean and the historic city. Book Now Taxi Agadir Airport [&hellip;]<\/p>\n","protected":false},"author":1,"featured_media":0,"parent":0,"menu_order":0,"comment_status":"closed","ping_status":"closed","template":"","meta":{"site-sidebar-layout":"no-sidebar","site-content-layout":"","ast-site-content-layout":"full-width-container","site-content-style":"default","site-sidebar-style":"default","ast-global-header-display":"","ast-banner-title-visibility":"","ast-main-header-display":"","ast-hfb-above-header-display":"","ast-hfb-below-header-display":"","ast-hfb-mobile-header-display":"","site-post-title":"disabled","ast-breadcrumbs-content":"","ast-featured-img":"disabled","footer-sml-layout":"","ast-disable-related-posts":"","theme-transparent-header-meta":"","adv-header-id-meta":"","stick-header-meta":"","header-above-stick-meta":"","header-main-stick-meta":"","header-below-stick-meta":"","astra-migrate-meta-layouts":"default","ast-page-background-enabled":"default","ast-page-background-meta":{"desktop":{"background-color":"var(--ast-global-color-4)","background-image":"","background-repeat":"repeat","background-position":"center center","background-size":"auto","background-attachment":"scroll","background-type":"","background-media":"","overlay-type":"","overlay-color":"","overlay-opacity":"","overlay-gradient":""},"tablet":{"background-color":"","background-image":"","background-repeat":"repeat","background-position":"center center","background-size":"auto","background-attachment":"scroll","background-type":"","background-media":"","overlay-type":"","overlay-color":"","overlay-opacity":"","overlay-gradient":""},"mobile":{"background-color":"","background-image":"","background-repeat":"repeat","background-position":"center center","background-size":"auto","background-attachment":"scroll","background-type":"","background-media":"","overlay-type":"","overlay-color":"","overlay-opacity":"","overlay-gradient":""}},"ast-content-background-meta":{"desktop":{"background-color":"var(--ast-global-color-5)","background-image":"","background-repeat":"repeat","background-position":"center center","background-size":"auto","background-attachment":"scroll","background-type":"","background-media":"","overlay-type":"","overlay-color":"","overlay-opacity":"","overlay-gradient":""},"tablet":{"background-color":"var(--ast-global-color-5)","background-image":"","background-repeat":"repeat","background-position":"center center","background-size":"auto","background-attachment":"scroll","background-type":"","background-media":"","overlay-type":"","overlay-color":"","overlay-opacity":"","overlay-gradient":""},"mobile":{"background-color":"var(--ast-global-color-5)","background-image":"","background-repeat":"repeat","background-position":"center center","background-size":"auto","background-attachment":"scroll","background-type":"","background-media":"","overlay-type":"","overlay-color":"","overlay-opacity":"","overlay-gradient":""}},"footnotes":""},"class_list":["post-51","page","type-page","status-publish","hentry"],"_hostinger_reach_plugin_has_subscription_block":false,"_hostinger_reach_plugin_is_elementor":false,"_links":{"self":[{"href":"https:\/\/drivemorocco-tours.com\/fr\/wp-json\/wp\/v2\/pages\/51","targetHints":{"allow":["GET"]}}],"collection":[{"href":"https:\/\/drivemorocco-tours.com\/fr\/wp-json\/wp\/v2\/pages"}],"about":[{"href":"https:\/\/drivemorocco-tours.com\/fr\/wp-json\/wp\/v2\/types\/page"}],"author":[{"embeddable":true,"href":"https:\/\/drivemorocco-tours.com\/fr\/wp-json\/wp\/v2\/users\/1"}],"replies":[{"embeddable":true,"href":"https:\/\/drivemorocco-tours.com\/fr\/wp-json\/wp\/v2\/comments?post=51"}],"version-history":[{"count":0,"href":"https:\/\/drivemorocco-tours.com\/fr\/wp-json\/wp\/v2\/pages\/51\/revisions"}],"wp:attachment":[{"href":"https:\/\/drivemorocco-tours.com\/fr\/wp-json\/wp\/v2\/media?parent=51"}],"curies":[{"name":"wp","href":"https:\/\/api.w.org\/{rel}","templated":true}]}}